{"id":8120,"date":"2025-12-17T02:31:42","date_gmt":"2025-12-17T02:31:42","guid":{"rendered":"https:\/\/lou.bcardmexico.com\/?post_type=product&#038;p=8120"},"modified":"2025-12-17T02:31:43","modified_gmt":"2025-12-17T02:31:43","slug":"botin-beige","status":"publish","type":"product","link":"https:\/\/lou.bcardmexico.com\/?product=botin-beige","title":{"rendered":"BOT\u00cdN BEIGE"},"content":{"rendered":"<p>BOT\u00cdN BEIGE DE TAC\u00d3N<\/p>\n<p>TALLA: 26<\/p>\n","protected":false},"excerpt":{"rendered":"<p>BOT\u00cdN BEIGE DE TAC\u00d3N TALLA: 26<\/p>\n","protected":false},"featured_media":8085,"comment_status":"open","ping_status":"closed","template":"","meta":[],"etheme_brands":[],"product_brand":[],"product_cat":[112],"product_tag":[],"class_list":{"0":"post-8120","1":"product","2":"type-product","3":"status-publish","4":"has-post-thumbnail","6":"product_cat-botas","8":"first","9":"instock","10":"shipping-taxable","11":"purchasable","12":"product-type-simple"},"yoast_head":"<!-- This site is optimized with the Yoast SEO Premium plugin v23.4 (Yoast SEO v23.4) - https:\/\/yoast.com\/wordpress\/plugins\/seo\/ -->\n<title>BOT\u00cdN BEIGE - Lou<\/title>\n<meta name=\"robots\" content=\"index, follow, max-snippet:-1, max-image-preview:large, max-video-preview:-1\" \/>\n<link rel=\"canonical\" href=\"https:\/\/lou.bcardmexico.com\/?product=botin-beige\" \/>\n<meta property=\"og:locale\" content=\"es_ES\" \/>\n<meta property=\"og:type\" content=\"article\" \/>\n<meta property=\"og:title\" content=\"BOT\u00cdN BEIGE\" \/>\n<meta property=\"og:description\" content=\"BOT\u00cdN BEIGE DE TAC\u00d3N TALLA: 26\" \/>\n<meta property=\"og:url\" content=\"https:\/\/lou.bcardmexico.com\/?product=botin-beige\" \/>\n<meta property=\"og:site_name\" content=\"Lou\" \/>\n<meta property=\"article:modified_time\" content=\"2025-12-17T02:31:43+00:00\" \/>\n<meta property=\"og:image\" content=\"https:\/\/lou.bcardmexico.com\/wp-content\/uploads\/2025\/12\/WhatsApp-Image-2025-12-16-at-7.09.15-PM-6.jpeg\" \/>\n\t<meta property=\"og:image:width\" content=\"1125\" \/>\n\t<meta property=\"og:image:height\" content=\"1463\" \/>\n\t<meta property=\"og:image:type\" content=\"image\/jpeg\" \/>\n<meta name=\"twitter:card\" content=\"summary_large_image\" \/>\n<meta name=\"twitter:label1\" content=\"Tiempo de lectura\" \/>\n\t<meta name=\"twitter:data1\" content=\"1 minuto\" \/>\n<script type=\"application\/ld+json\" class=\"yoast-schema-graph\">{\"@context\":\"https:\/\/schema.org\",\"@graph\":[{\"@type\":\"WebPage\",\"@id\":\"https:\/\/lou.bcardmexico.com\/?product=botin-beige\",\"url\":\"https:\/\/lou.bcardmexico.com\/?product=botin-beige\",\"name\":\"BOT\u00cdN BEIGE - Lou\",\"isPartOf\":{\"@id\":\"https:\/\/lou.bcardmexico.com\/#website\"},\"primaryImageOfPage\":{\"@id\":\"https:\/\/lou.bcardmexico.com\/?product=botin-beige#primaryimage\"},\"image\":{\"@id\":\"https:\/\/lou.bcardmexico.com\/?product=botin-beige#primaryimage\"},\"thumbnailUrl\":\"https:\/\/lou.bcardmexico.com\/wp-content\/uploads\/2025\/12\/WhatsApp-Image-2025-12-16-at-7.09.15-PM-6.jpeg\",\"datePublished\":\"2025-12-17T02:31:42+00:00\",\"dateModified\":\"2025-12-17T02:31:43+00:00\",\"breadcrumb\":{\"@id\":\"https:\/\/lou.bcardmexico.com\/?product=botin-beige#breadcrumb\"},\"inLanguage\":\"es\",\"potentialAction\":[{\"@type\":\"ReadAction\",\"target\":[\"https:\/\/lou.bcardmexico.com\/?product=botin-beige\"]}]},{\"@type\":\"ImageObject\",\"inLanguage\":\"es\",\"@id\":\"https:\/\/lou.bcardmexico.com\/?product=botin-beige#primaryimage\",\"url\":\"https:\/\/lou.bcardmexico.com\/wp-content\/uploads\/2025\/12\/WhatsApp-Image-2025-12-16-at-7.09.15-PM-6.jpeg\",\"contentUrl\":\"https:\/\/lou.bcardmexico.com\/wp-content\/uploads\/2025\/12\/WhatsApp-Image-2025-12-16-at-7.09.15-PM-6.jpeg\",\"width\":1125,\"height\":1463},{\"@type\":\"BreadcrumbList\",\"@id\":\"https:\/\/lou.bcardmexico.com\/?product=botin-beige#breadcrumb\",\"itemListElement\":[{\"@type\":\"ListItem\",\"position\":1,\"name\":\"Portada\",\"item\":\"https:\/\/lou.bcardmexico.com\/\"},{\"@type\":\"ListItem\",\"position\":2,\"name\":\"Shop\",\"item\":\"https:\/\/lou.bcardmexico.com\/?page_id=13\"},{\"@type\":\"ListItem\",\"position\":3,\"name\":\"BOT\u00cdN BEIGE\"}]},{\"@type\":\"WebSite\",\"@id\":\"https:\/\/lou.bcardmexico.com\/#website\",\"url\":\"https:\/\/lou.bcardmexico.com\/\",\"name\":\"Lou Fashion Store\",\"description\":\"\",\"publisher\":{\"@id\":\"https:\/\/lou.bcardmexico.com\/#organization\"},\"alternateName\":\"Lou Fashion Store\",\"potentialAction\":[{\"@type\":\"SearchAction\",\"target\":{\"@type\":\"EntryPoint\",\"urlTemplate\":\"https:\/\/lou.bcardmexico.com\/?s={search_term_string}\"},\"query-input\":{\"@type\":\"PropertyValueSpecification\",\"valueRequired\":true,\"valueName\":\"search_term_string\"}}],\"inLanguage\":\"es\"},{\"@type\":\"Organization\",\"@id\":\"https:\/\/lou.bcardmexico.com\/#organization\",\"name\":\"Lou Fashion Store\",\"url\":\"https:\/\/lou.bcardmexico.com\/\",\"logo\":{\"@type\":\"ImageObject\",\"inLanguage\":\"es\",\"@id\":\"https:\/\/lou.bcardmexico.com\/#\/schema\/logo\/image\/\",\"url\":\"https:\/\/lou.bcardmexico.com\/wp-content\/uploads\/2020\/09\/X_STORE_3.png\",\"contentUrl\":\"https:\/\/lou.bcardmexico.com\/wp-content\/uploads\/2020\/09\/X_STORE_3.png\",\"width\":300,\"height\":58,\"caption\":\"Lou Fashion Store\"},\"image\":{\"@id\":\"https:\/\/lou.bcardmexico.com\/#\/schema\/logo\/image\/\"}}]}<\/script>\n<!-- \/ Yoast SEO Premium plugin. -->","yoast_head_json":{"title":"BOT\u00cdN BEIGE - Lou","robots":{"index":"index","follow":"follow","max-snippet":"max-snippet:-1","max-image-preview":"max-image-preview:large","max-video-preview":"max-video-preview:-1"},"canonical":"https:\/\/lou.bcardmexico.com\/?product=botin-beige","og_locale":"es_ES","og_type":"article","og_title":"BOT\u00cdN BEIGE","og_description":"BOT\u00cdN BEIGE DE TAC\u00d3N TALLA: 26","og_url":"https:\/\/lou.bcardmexico.com\/?product=botin-beige","og_site_name":"Lou","article_modified_time":"2025-12-17T02:31:43+00:00","og_image":[{"width":1125,"height":1463,"url":"https:\/\/lou.bcardmexico.com\/wp-content\/uploads\/2025\/12\/WhatsApp-Image-2025-12-16-at-7.09.15-PM-6.jpeg","type":"image\/jpeg"}],"twitter_card":"summary_large_image","twitter_misc":{"Tiempo de lectura":"1 minuto"},"schema":{"@context":"https:\/\/schema.org","@graph":[{"@type":"WebPage","@id":"https:\/\/lou.bcardmexico.com\/?product=botin-beige","url":"https:\/\/lou.bcardmexico.com\/?product=botin-beige","name":"BOT\u00cdN BEIGE - Lou","isPartOf":{"@id":"https:\/\/lou.bcardmexico.com\/#website"},"primaryImageOfPage":{"@id":"https:\/\/lou.bcardmexico.com\/?product=botin-beige#primaryimage"},"image":{"@id":"https:\/\/lou.bcardmexico.com\/?product=botin-beige#primaryimage"},"thumbnailUrl":"https:\/\/lou.bcardmexico.com\/wp-content\/uploads\/2025\/12\/WhatsApp-Image-2025-12-16-at-7.09.15-PM-6.jpeg","datePublished":"2025-12-17T02:31:42+00:00","dateModified":"2025-12-17T02:31:43+00:00","breadcrumb":{"@id":"https:\/\/lou.bcardmexico.com\/?product=botin-beige#breadcrumb"},"inLanguage":"es","potentialAction":[{"@type":"ReadAction","target":["https:\/\/lou.bcardmexico.com\/?product=botin-beige"]}]},{"@type":"ImageObject","inLanguage":"es","@id":"https:\/\/lou.bcardmexico.com\/?product=botin-beige#primaryimage","url":"https:\/\/lou.bcardmexico.com\/wp-content\/uploads\/2025\/12\/WhatsApp-Image-2025-12-16-at-7.09.15-PM-6.jpeg","contentUrl":"https:\/\/lou.bcardmexico.com\/wp-content\/uploads\/2025\/12\/WhatsApp-Image-2025-12-16-at-7.09.15-PM-6.jpeg","width":1125,"height":1463},{"@type":"BreadcrumbList","@id":"https:\/\/lou.bcardmexico.com\/?product=botin-beige#breadcrumb","itemListElement":[{"@type":"ListItem","position":1,"name":"Portada","item":"https:\/\/lou.bcardmexico.com\/"},{"@type":"ListItem","position":2,"name":"Shop","item":"https:\/\/lou.bcardmexico.com\/?page_id=13"},{"@type":"ListItem","position":3,"name":"BOT\u00cdN BEIGE"}]},{"@type":"WebSite","@id":"https:\/\/lou.bcardmexico.com\/#website","url":"https:\/\/lou.bcardmexico.com\/","name":"Lou Fashion Store","description":"","publisher":{"@id":"https:\/\/lou.bcardmexico.com\/#organization"},"alternateName":"Lou Fashion Store","potentialAction":[{"@type":"SearchAction","target":{"@type":"EntryPoint","urlTemplate":"https:\/\/lou.bcardmexico.com\/?s={search_term_string}"},"query-input":{"@type":"PropertyValueSpecification","valueRequired":true,"valueName":"search_term_string"}}],"inLanguage":"es"},{"@type":"Organization","@id":"https:\/\/lou.bcardmexico.com\/#organization","name":"Lou Fashion Store","url":"https:\/\/lou.bcardmexico.com\/","logo":{"@type":"ImageObject","inLanguage":"es","@id":"https:\/\/lou.bcardmexico.com\/#\/schema\/logo\/image\/","url":"https:\/\/lou.bcardmexico.com\/wp-content\/uploads\/2020\/09\/X_STORE_3.png","contentUrl":"https:\/\/lou.bcardmexico.com\/wp-content\/uploads\/2020\/09\/X_STORE_3.png","width":300,"height":58,"caption":"Lou Fashion Store"},"image":{"@id":"https:\/\/lou.bcardmexico.com\/#\/schema\/logo\/image\/"}}]}},"_links":{"self":[{"href":"https:\/\/lou.bcardmexico.com\/index.php?rest_route=\/wp\/v2\/product\/8120","targetHints":{"allow":["GET"]}}],"collection":[{"href":"https:\/\/lou.bcardmexico.com\/index.php?rest_route=\/wp\/v2\/product"}],"about":[{"href":"https:\/\/lou.bcardmexico.com\/index.php?rest_route=\/wp\/v2\/types\/product"}],"replies":[{"embeddable":true,"href":"https:\/\/lou.bcardmexico.com\/index.php?rest_route=%2Fwp%2Fv2%2Fcomments&post=8120"}],"version-history":[{"count":1,"href":"https:\/\/lou.bcardmexico.com\/index.php?rest_route=\/wp\/v2\/product\/8120\/revisions"}],"predecessor-version":[{"id":8121,"href":"https:\/\/lou.bcardmexico.com\/index.php?rest_route=\/wp\/v2\/product\/8120\/revisions\/8121"}],"wp:featuredmedia":[{"embeddable":true,"href":"https:\/\/lou.bcardmexico.com\/index.php?rest_route=\/wp\/v2\/media\/8085"}],"wp:attachment":[{"href":"https:\/\/lou.bcardmexico.com\/index.php?rest_route=%2Fwp%2Fv2%2Fmedia&parent=8120"}],"wp:term":[{"taxonomy":"brand","embeddable":true,"href":"https:\/\/lou.bcardmexico.com\/index.php?rest_route=%2Fwp%2Fv2%2Fetheme_brands&post=8120"},{"taxonomy":"product_brand","embeddable":true,"href":"https:\/\/lou.bcardmexico.com\/index.php?rest_route=%2Fwp%2Fv2%2Fproduct_brand&post=8120"},{"taxonomy":"product_cat","embeddable":true,"href":"https:\/\/lou.bcardmexico.com\/index.php?rest_route=%2Fwp%2Fv2%2Fproduct_cat&post=8120"},{"taxonomy":"product_tag","embeddable":true,"href":"https:\/\/lou.bcardmexico.com\/index.php?rest_route=%2Fwp%2Fv2%2Fproduct_tag&post=8120"}],"curies":[{"name":"wp","href":"https:\/\/api.w.org\/{rel}","templated":true}]}}